{"id":9697,"date":"2024-12-29T16:24:54","date_gmt":"2024-12-29T21:24:54","guid":{"rendered":"https:\/\/taichimastermoy.org\/directorio-de-ubicaciones-canada-ontario\/"},"modified":"2024-12-29T16:35:03","modified_gmt":"2024-12-29T21:35:03","slug":"directorio-de-ubicaciones-canada-ontario","status":"publish","type":"page","link":"https:\/\/taichimastermoy.org\/es\/directorio-de-ubicaciones-canada-ontario\/","title":{"rendered":"Directorio de ubicaciones \u2013 Canad\u00e1 (Ontario)"},"content":{"rendered":"\n<p class=\"has-text-align-center wp-block-paragraph\">Aunque esta p\u00e1gina web se esfuerza por mantener la informaci\u00f3n actualizada, no ofrece ninguna declaraci\u00f3n ni garant\u00eda, expresa o impl\u00edcita, sobre la exactitud o exhaustividad de dicha informaci\u00f3n.<\/p>\n\n<div class=\"wp-block-uagb-container uagb-block-1d207a9b alignfull uagb-is-root-container\"><div class=\"uagb-container-inner-blocks-wrap\">\n<div class=\"wp-block-uagb-container uagb-block-d8e81f8f alignfull uagb-is-root-container\"><div class=\"uagb-container-inner-blocks-wrap\">\n<div class=\"wp-block-uagb-container uagb-block-23fdb5a2\">\n<div>\n<style> .column_list {column-count: 2; column-width: 20em;}\n        .loc_padding {padding-left: 1em; padding-right: 1em; padding-bottom: .1em; padding-top: .1em; margin-right: .6em; list-style-type: none;} \n<\/style>\n<ul class=\"column_list\"><div class=\"em em-view-container\" id=\"em-view-1284734234\" data-view=\"list\">\r\n\t<div class=\"em pixelbones em-list em-events-list\" id=\"em-events-list-1284734234\" data-view-id=\"1284734234\">\r\n\t\n        <li class=\"loc_padding\"> \n<p><a href=\"https:\/\/www.canadiantaichiacademy.org\/location_on_arnprior.html\" target=\"_blank\" rel=\"noopener\">Arnprior<\/a><\/p>\n<\/li>\n        \n        <li class=\"loc_padding\"> \n<p><a href=\"https:\/\/www.canadiantaichiacademy.org\/location_on_peterborough.html\" target=\"_blank\" rel=\"noopener\">Belleville<\/a><\/p>\n<\/li>\n        \n        <li class=\"loc_padding\"> \n<p><a href=\"https:\/\/www.canadiantaichiacademy.org\/location_on_peterborough.html\" target=\"_blank\" rel=\"noopener\">Bowmanville<\/a><\/p>\n<\/li>\n        \n        <li class=\"loc_padding\"> \n<p><a href=\"https:\/\/healthymoves.teampages.com\/\" target=\"_blank\" rel=\"noopener\">Brampton<\/a><\/p>\n<p>&nbsp;<\/p>\n<\/li>\n        \n        <li class=\"loc_padding\"> \n<p><a href=\"https:\/\/www.canadiantaichiacademy.org\/location_on_brantford.html\" target=\"_blank\" rel=\"noopener\">Brantford<\/a><\/p>\n<\/li>\n        \n        <li class=\"loc_padding\"> \n<p><a href=\"https:\/\/www.canadiantaichiacademy.org\/location_on_brockville.html\" target=\"_blank\" rel=\"noopener\">Brockville<\/a><\/p>\n<\/li>\n        \n        <li class=\"loc_padding\"> \n<p><a href=\"https:\/\/www.canadiantaichiacademy.org\/location_on_peterborough.html\" target=\"_blank\" rel=\"noopener\">Buckhorn<\/a><\/p>\n<\/li>\n        \n        <li class=\"loc_padding\"> \n<p><a href=\"https:\/\/www.canadiantaichiacademy.org\/location_on_burlington.html\" target=\"_blank\" rel=\"noopener\">Burlington<\/a><\/p>\n<\/li>\n        \n        <li class=\"loc_padding\"> \n<p><a href=\"https:\/\/friendsoftaichi.org\/tai-chi-caledonia\/\" target=\"_blank\" rel=\"noopener\">Caledonia<\/a><\/p>\n<p>&nbsp;<\/p>\n<\/li>\n        \n        <li class=\"loc_padding\"> \n<p><a href=\"https:\/\/www.canadiantaichiacademy.org\/location_on_cambridge.html\" target=\"_blank\" rel=\"noopener\">Cambridge<\/a><\/p>\n<\/li>\n        \n        <li class=\"loc_padding\"> \n<p><a href=\"https:\/\/www.canadiantaichiacademy.org\/location_on_peterborough.html\" target=\"_blank\" rel=\"noopener\">Campbellford<\/a><\/p>\n<\/li>\n        \n        <li class=\"loc_padding\"> \n<p><a href=\"https:\/\/www.canadiantaichiacademy.org\/location_on_carletonplace.html\" target=\"_blank\" rel=\"noopener\">Carleton Place<\/a><\/p>\n<\/li>\n        \n        <li class=\"loc_padding\"> \n<p><a href=\"https:\/\/www.canadiantaichiacademy.org\/location_on_chatham.html\" target=\"_blank\" rel=\"noopener\">Chatham<\/a><\/p>\n<\/li>\n        \n        <li class=\"loc_padding\"> \n<p><a href=\"https:\/\/www.canadiantaichiacademy.org\/location_on_peterborough.html\" target=\"_blank\" rel=\"noopener\">Cobourg<\/a><\/p>\n<\/li>\n        \n        <li class=\"loc_padding\"> \n<p><a href=\"https:\/\/taichimastermoy.org\/es\/events\/tai-chi-classes-cornwall-ontario\/\" target=\"_blank\" rel=\"noopener\">Cornwall<\/a><\/p>\n<\/li>\n        \n        <li class=\"loc_padding\"> \n<p><a href=\"https:\/\/www.canadiantaichiacademy.org\/location_on_creemore.html\" target=\"_blank\" rel=\"noopener\">Creemore<\/a><\/p>\n<\/li>\n        \n        <li class=\"loc_padding\"> \n<p><a href=\"https:\/\/www.canadiantaichiacademy.org\/location_on_goderich.html\" target=\"_blank\" rel=\"noopener\">Goderich<\/a><\/p>\n<\/li>\n        \n        <li class=\"loc_padding\"> \n<p><a href=\"https:\/\/www.canadiantaichiacademy.org\/location_on_grandbend.html\" target=\"_blank\" rel=\"noopener\">Grand Bend<\/a><\/p>\n<\/li>\n        \n        <li class=\"loc_padding\"> \n<p><a href=\"https:\/\/www.canadiantaichiacademy.org\/location_on_hamilton.html\" target=\"_blank\" rel=\"noopener\">Hamilton<\/a><\/p>\n<\/li>\n        \n        <li class=\"loc_padding\"> \n<p><a href=\"https:\/\/friendsoftaichi.org\/tai-chi-hamilton\/\" target=\"_blank\" rel=\"noopener\">Hamilton &#8211; Dundurn St.<\/a><\/p>\n<p>&nbsp;<\/p>\n<\/li>\n        \n        <li class=\"loc_padding\"> \n<p><a href=\"https:\/\/www.canadiantaichiacademy.org\/location_on_kincardine.html\" target=\"_blank\" rel=\"noopener\">Kincardine<\/a><\/p>\n<\/li>\n        \n        <li class=\"loc_padding\"> \n<p><a href=\"https:\/\/www.canadiantaichiacademy.org\/location_on_kingston.html\" target=\"_blank\" rel=\"noopener\">Kingston<\/a><\/p>\n<\/li>\n        \n        <li class=\"loc_padding\"> \n<p><a href=\"https:\/\/www.canadiantaichiacademy.org\/location_on_lansdowne.html\" target=\"_blank\" rel=\"noopener\">Landsdowne<\/a><\/p>\n<\/li>\n        \n        <li class=\"loc_padding\"> \n<p><a href=\"https:\/\/www.canadiantaichiacademy.org\/location_on_peterborough.html\" target=\"_blank\" rel=\"noopener\">Lindsay<\/a><\/p>\n<\/li>\n        \n        <li class=\"loc_padding\"> \n<p><a href=\"https:\/\/www.canadiantaichiacademy.org\/location_on_london.html\" target=\"_blank\" rel=\"noopener\">London<\/a><\/p>\n<\/li>\n        \n        <li class=\"loc_padding\"> \n<p><a href=\"https:\/\/www.canadiantaichiacademy.org\/location_on_manitoulinisland.html\" target=\"_blank\" rel=\"noopener\">Manitoulin Island<\/a><\/p>\n<\/li>\n        \n        <li class=\"loc_padding\"> \n<p><a href=\"https:\/\/www.canadiantaichiacademy.org\/location_on_mckellar.html\" target=\"_blank\" rel=\"noopener\">McKellar<\/a><\/p>\n<\/li>\n        \n        <li class=\"loc_padding\"> \n<p><a href=\"https:\/\/www.canadiantaichiacademy.org\/location_on_newmarket.html\" target=\"_blank\" rel=\"noopener\">Newmarket<\/a><\/p>\n<\/li>\n        \n        <li class=\"loc_padding\"> \n<p><a href=\"https:\/\/www.canadiantaichiacademy.org\/location_on_nipissing.html\" target=\"_blank\" rel=\"noopener\">Nipissing (Callander)<\/a><\/p>\n<\/li>\n        \n        <li class=\"loc_padding\"> \n<p><a href=\"https:\/\/friendsoftaichi.org\/tai-chi-north-gower\/\" target=\"_blank\" rel=\"noopener\">North Gower<\/a><\/p>\n<p>&nbsp;<\/p>\n<\/li>\n        \n        <li class=\"loc_padding\"> \n<p><a href=\"https:\/\/www.canadiantaichiacademy.org\/location_on_oakville.html\" target=\"_blank\" rel=\"noopener\">Oakville<\/a><\/p>\n<\/li>\n        \n        <li class=\"loc_padding\"> \n<p><a href=\"https:\/\/www.canadiantaichiacademy.org\/location_on_orangeville.html\" target=\"_blank\" rel=\"noopener\">Orangeville<\/a><\/p>\n<\/li>\n        \n        <li class=\"loc_padding\"> \n<p><a href=\"https:\/\/www.canadiantaichiacademy.org\/location_on_ottawa-orleans.html\" target=\"_blank\" rel=\"noopener\">Ottawa (Orl\u00e9ans)<\/a><\/p>\n<\/li>\n        \n        <li class=\"loc_padding\"> \n<p><a href=\"https:\/\/friendsoftaichi.org\/tai-chi-ottawa\/\" target=\"_blank\" rel=\"noopener\">Ottawa (FOTC)<\/a><\/p>\n<p>&nbsp;<\/p>\n<\/li>\n        \n        <li class=\"loc_padding\"> \n<p><a href=\"https:\/\/www.canadiantaichiacademy.org\/location_on_perth.html\" target=\"_blank\" rel=\"noopener\">Perth<\/a><\/p>\n<\/li>\n        \n        <li class=\"loc_padding\"> \n<p><a href=\"https:\/\/www.facebook.com\/St.Johnstaichi\/\" target=\"_blank\" rel=\"noopener\">Peterborough (KTC)<\/a><\/p>\n<p>&nbsp;<\/p>\n<\/li>\n        \n        <li class=\"loc_padding\"> \n<p><a href=\"https:\/\/www.canadiantaichiacademy.org\/location_on_peterborough.html\" target=\"_blank\" rel=\"noopener\">Peterborough<\/a><\/p>\n<\/li>\n        \n        <li class=\"loc_padding\"> \n<p><a href=\"https:\/\/www.canadiantaichiacademy.org\/location_on_norfolkcounty.html\" target=\"_blank\" rel=\"noopener\">Port Dover<\/a><\/p>\n<\/li>\n        \n        <li class=\"loc_padding\"> \n<p><a href=\"https:\/\/www.canadiantaichiacademy.org\/location_on_peterborough.html\" target=\"_blank\" rel=\"noopener\">Port Hope<\/a><\/p>\n<\/li>\n        \n        <li class=\"loc_padding\"> \n<p><a href=\"https:\/\/www.canadiantaichiacademy.org\/location_on_perth.html\" target=\"_blank\" rel=\"noopener\">Portland<\/a><\/p>\n<\/li>\n        \n        <li class=\"loc_padding\"> \n<p><a href=\"https:\/\/www.canadiantaichiacademy.org\/location_on_richmondhill.html\" target=\"_blank\" rel=\"noopener\">Richmond Hill<\/a><\/p>\n<\/li>\n        \n        <li class=\"loc_padding\"> \n<p><a href=\"https:\/\/jungjingtaichi.org\/\" target=\"_blank\" rel=\"noopener\">Richmond Hill (Jung Jing Tai Chi)<\/a><\/p>\n<\/li>\n        \n        <li class=\"loc_padding\"> \n<p><a href=\"https:\/\/www.canadiantaichiacademy.org\/location_on_sarnia.html\" target=\"_blank\" rel=\"noopener\">Sarnia<\/a><\/p>\n<\/li>\n        \n        <li class=\"loc_padding\"> \n<p><a href=\"https:\/\/www.canadiantaichiacademy.org\/location_on_saublebeach.html\" target=\"_blank\" rel=\"noopener\">Sauble Beach<\/a><\/p>\n<\/li>\n        \n        <li class=\"loc_padding\"> \n<p><a href=\"https:\/\/www.canadiantaichiacademy.org\/location_on_sharbotlake.html\" target=\"_blank\" rel=\"noopener\">Sharbot Lake<\/a><\/p>\n<\/li>\n        \n        <li class=\"loc_padding\"> \n<p><a href=\"https:\/\/www.canadiantaichiacademy.org\/location_on_simcoe.html\" target=\"_blank\" rel=\"noopener\">Simcoe<\/a><\/p>\n<\/li>\n        \n        <li class=\"loc_padding\"> \n<p><a href=\"https:\/\/www.canadiantaichiacademy.org\/location_on_smithsfalls.html\" target=\"_blank\" rel=\"noopener\">Smiths Falls<\/a><\/p>\n<\/li>\n        \n        <li class=\"loc_padding\"> \n<p><a href=\"https:\/\/friendsoftaichi.org\/tai-chi-st-catharines\/\" target=\"_blank\" rel=\"noopener\">St. Catharines<\/a><\/p>\n<p>&nbsp;<\/p>\n<\/li>\n        \n        <li class=\"loc_padding\"> \n<p><a href=\"https:\/\/www.canadiantaichiacademy.org\/location_on_stayner.html\" target=\"_blank\" rel=\"noopener\">Stayner<\/a><\/p>\n<\/li>\n        \n        <li class=\"loc_padding\"> \n<p><a href=\"https:\/\/www.canadiantaichiacademy.org\/location_on_thornbury.html\" target=\"_blank\" rel=\"noopener\">Thornbury<\/a><\/p>\n<\/li>\n        \n        <li class=\"loc_padding\"> \n<p><a href=\"https:\/\/www.canadiantaichiacademy.org\/location_on_tillsonburg.html\" target=\"_blank\" rel=\"noopener\">Tillsonburg<\/a><\/p>\n<\/li>\n        \n        <li class=\"loc_padding\"> \n<p><a href=\"https:\/\/www.canadiantaichiacademy.org\/location_on_timmins.html\" target=\"_blank\" rel=\"noopener\">Timmins<\/a><\/p>\n<\/li>\n        \n        <li class=\"loc_padding\"> \n<p><a href=\"https:\/\/www.canadiantaichiacademy.org\/location_on_toronto-babypoint.html\" target=\"_blank\" rel=\"noopener\">Toronto<\/a><\/p>\n<\/li>\n        \n        <li class=\"loc_padding\"> \n<p><a href=\"https:\/\/taichimastermoy.org\/es\/events\/tai-chi-practice-high-park-toronto\/\" target=\"_blank\" rel=\"noopener\">Toronto &#8211; High Park<\/a><\/p>\n<\/li>\n        \n        <li class=\"loc_padding\"> \n<p><a href=\"https:\/\/taichimastermoy.org\/es\/events\/tai-chi-practice-wychwood-barns-toronto\/\" target=\"_blank\" rel=\"noopener\">Toronto &#8211; Wychwood Barns<\/a><\/p>\n<\/li>\n        \n        <li class=\"loc_padding\"> \n<p><a href=\"https:\/\/www.canadiantaichiacademy.org\/location_on_peterborough.html\" target=\"_blank\" rel=\"noopener\">Trenton<\/a><\/p>\n<\/li>\n        \n        <li class=\"loc_padding\"> \n<p><a href=\"https:\/\/www.canadiantaichiacademy.org\/location_on_perth.html\" target=\"_blank\" rel=\"noopener\">Westport (North Crosby)<\/a><\/p>\n<\/li>\n        \t<\/div>\r\n<\/div>\n<\/ul>\n<\/div>\n<\/div>\n<\/div><\/div>\n<\/div><\/div>\n\n<p class=\"wp-block-paragraph\"><\/p>\n","protected":false},"excerpt":{"rendered":"<p>Aunque esta p\u00e1gina web se esfuerza por mantener la informaci\u00f3n actualizada, no ofrece ninguna declaraci\u00f3n ni garant\u00eda, expresa o impl\u00edcita, [&hellip;]<\/p>\n","protected":false},"author":218733280,"featured_media":0,"parent":0,"menu_order":0,"comment_status":"closed","ping_status":"closed","template":"","meta":{"_crdt_document":"","_uag_custom_page_level_css":"","site-sidebar-layout":"default","site-content-layout":"","ast-site-content-layout":"default","site-content-style":"default","site-sidebar-style":"default","ast-global-header-display":"","ast-banner-title-visibility":"","ast-main-header-display":"","ast-hfb-above-header-display":"","ast-hfb-below-header-display":"","ast-hfb-mobile-header-display":"","site-post-title":"","ast-breadcrumbs-content":"","ast-featured-img":"","footer-sml-layout":"","ast-disable-related-posts":"","theme-transparent-header-meta":"","adv-header-id-meta":"","stick-header-meta":"","header-above-stick-meta":"","header-main-stick-meta":"","header-below-stick-meta":"","astra-migrate-meta-layouts":"default","ast-page-background-enabled":"default","ast-page-background-meta":{"desktop":{"background-color":"var(--ast-global-color-4)","background-image":"","background-repeat":"repeat","background-position":"center center","background-size":"auto","background-attachment":"scroll","background-type":"","background-media":"","overlay-type":"","overlay-color":"","overlay-opacity":"","overlay-gradient":""},"tablet":{"background-color":"","background-image":"","background-repeat":"repeat","background-position":"center center","background-size":"auto","background-attachment":"scroll","background-type":"","background-media":"","overlay-type":"","overlay-color":"","overlay-opacity":"","overlay-gradient":""},"mobile":{"background-color":"","background-image":"","background-repeat":"repeat","background-position":"center center","background-size":"auto","background-attachment":"scroll","background-type":"","background-media":"","overlay-type":"","overlay-color":"","overlay-opacity":"","overlay-gradient":""}},"ast-content-background-meta":{"desktop":{"background-color":"var(--ast-global-color-5)","background-image":"","background-repeat":"repeat","background-position":"center center","background-size":"auto","background-attachment":"scroll","background-type":"","background-media":"","overlay-type":"","overlay-color":"","overlay-opacity":"","overlay-gradient":""},"tablet":{"background-color":"var(--ast-global-color-5)","background-image":"","background-repeat":"repeat","background-position":"center center","background-size":"auto","background-attachment":"scroll","background-type":"","background-media":"","overlay-type":"","overlay-color":"","overlay-opacity":"","overlay-gradient":""},"mobile":{"background-color":"var(--ast-global-color-5)","background-image":"","background-repeat":"repeat","background-position":"center center","background-size":"auto","background-attachment":"scroll","background-type":"","background-media":"","overlay-type":"","overlay-color":"","overlay-opacity":"","overlay-gradient":""}},"advanced_seo_description":"","jetpack_seo_html_title":"","jetpack_seo_noindex":false,"footnotes":""},"class_list":["post-9697","page","type-page","status-publish","hentry"],"uagb_featured_image_src":{"full":false,"thumbnail":false,"medium":false,"medium_large":false,"large":false,"1536x1536":false,"2048x2048":false,"newspack-article-block-landscape-large":false,"newspack-article-block-portrait-large":false,"newspack-article-block-square-large":false,"newspack-article-block-landscape-medium":false,"newspack-article-block-portrait-medium":false,"newspack-article-block-square-medium":false,"newspack-article-block-landscape-intermediate":false,"newspack-article-block-portrait-intermediate":false,"newspack-article-block-square-intermediate":false,"newspack-article-block-landscape-small":false,"newspack-article-block-portrait-small":false,"newspack-article-block-square-small":false,"newspack-article-block-landscape-tiny":false,"newspack-article-block-portrait-tiny":false,"newspack-article-block-square-tiny":false,"newspack-article-block-uncropped":false},"uagb_author_info":{"display_name":"Web Admin","author_link":"https:\/\/taichimastermoy.org\/es\/author\/taichifriends\/"},"uagb_comment_info":0,"uagb_excerpt":"Aunque esta p\u00e1gina web se esfuerza por mantener la informaci\u00f3n actualizada, no ofrece ninguna declaraci\u00f3n ni garant\u00eda, expresa o impl\u00edcita, [&hellip;]","jetpack_sharing_enabled":true,"jetpack_shortlink":"https:\/\/wp.me\/PdOIW2-2wp","_links":{"self":[{"href":"https:\/\/taichimastermoy.org\/es\/wp-json\/wp\/v2\/pages\/9697","targetHints":{"allow":["GET"]}}],"collection":[{"href":"https:\/\/taichimastermoy.org\/es\/wp-json\/wp\/v2\/pages"}],"about":[{"href":"https:\/\/taichimastermoy.org\/es\/wp-json\/wp\/v2\/types\/page"}],"author":[{"embeddable":true,"href":"https:\/\/taichimastermoy.org\/es\/wp-json\/wp\/v2\/users\/218733280"}],"replies":[{"embeddable":true,"href":"https:\/\/taichimastermoy.org\/es\/wp-json\/wp\/v2\/comments?post=9697"}],"version-history":[{"count":1,"href":"https:\/\/taichimastermoy.org\/es\/wp-json\/wp\/v2\/pages\/9697\/revisions"}],"predecessor-version":[{"id":9698,"href":"https:\/\/taichimastermoy.org\/es\/wp-json\/wp\/v2\/pages\/9697\/revisions\/9698"}],"wp:attachment":[{"href":"https:\/\/taichimastermoy.org\/es\/wp-json\/wp\/v2\/media?parent=9697"}],"curies":[{"name":"wp","href":"https:\/\/api.w.org\/{rel}","templated":true}]}}