{"id":9703,"date":"2024-12-28T15:00:28","date_gmt":"2024-12-28T20:00:28","guid":{"rendered":"https:\/\/taichimastermoy.org\/directorio-de-ubicaciones-reino-unido\/"},"modified":"2024-12-29T16:41:03","modified_gmt":"2024-12-29T21:41:03","slug":"directorio-de-ubicaciones-reino-unido","status":"publish","type":"page","link":"https:\/\/taichimastermoy.org\/es\/directorio-de-ubicaciones-reino-unido\/","title":{"rendered":"Directorio de ubicaciones &#8211; Reino Unido"},"content":{"rendered":"\n<p class=\"has-text-align-center wp-block-paragraph\">Aunque esta p\u00e1gina web se esfuerza por mantener la informaci\u00f3n actualizada, no ofrece ninguna declaraci\u00f3n ni garant\u00eda, expresa o impl\u00edcita, sobre la exactitud o exhaustividad de dicha informaci\u00f3n.<\/p>\n\n<div class=\"wp-block-uagb-container uagb-block-d6a16db7 alignfull uagb-is-root-container\"><div class=\"uagb-container-inner-blocks-wrap\">\n<div class=\"wp-block-uagb-container uagb-block-babab5d9 alignfull uagb-is-root-container\"><div class=\"uagb-container-inner-blocks-wrap\">\n<div class=\"wp-block-uagb-container uagb-block-13cf64f7 alignfull uagb-is-root-container\"><div class=\"uagb-container-inner-blocks-wrap\">\n<div style=\"height:19px\" aria-hidden=\"true\" class=\"wp-block-spacer\"><\/div>\n\n\n\n<p class=\"has-text-align-center has-large-font-size wp-block-paragraph\">Inglaterra<\/p>\n\n\n\n<div class=\"wp-block-uagb-container uagb-block-105f9d56\">\n<div>\n<style> .column_list {column-count: 2; column-width: 20em;}\n        .loc_padding {padding-left: 1em; padding-right: 1em; padding-bottom: .1em; padding-top: .1em; margin-right: .6em; list-style-type: none;} \n<\/style>\n<ul class=\"column_list\"><div class=\"em em-view-container\" id=\"em-view-580642667\" data-view=\"list\">\r\n\t<div class=\"em pixelbones em-list em-events-list\" id=\"em-events-list-580642667\" data-view-id=\"580642667\">\r\n\t\n        <li class=\"loc_padding\"> \n<p><a href=\"https:\/\/taichievolutions.org\/\" target=\"_blank\" rel=\"noopener\">Bristol<\/a><\/p>\n<p>&nbsp;<\/p>\n<\/li>\n        \n        <li class=\"loc_padding\"> \n<p><a href=\"https:\/\/taichimastermoy.org\/es\/events\/tai-chi-classes-cambridge-england\/\" target=\"_blank\" rel=\"noopener\">Cambridge<\/a><\/p>\n<p>&nbsp;<\/p>\n<\/li>\n        \n        <li class=\"loc_padding\"> \n<p><a href=\"https:\/\/norfolktaichiacademy.org\/\" target=\"_blank\" rel=\"noopener\">Norfolk<\/a><\/p>\n<p>&nbsp;<\/p>\n<\/li>\n        \n        <li class=\"loc_padding\"> \n<p><a href=\"https:\/\/norfolktaichiacademy.org\/\" target=\"_blank\" rel=\"noopener\">Norwich<\/a><\/p>\n<p>&nbsp;<\/p>\n<\/li>\n        \n        <li class=\"loc_padding\"> \n<p><a href=\"https:\/\/www.stneotstaichi.org.uk\/\" target=\"_blank\" rel=\"noopener\">St Neots<\/a><\/p>\n<\/li>\n        \n        <li class=\"loc_padding\"> \n<p><a href=\"https:\/\/taichimastermoy.org\/es\/events\/tai-chi-classes-suffolk-england\/\" target=\"_blank\" rel=\"noopener\">Suffolk<\/a><\/p>\n<\/li>\n        \t<\/div>\r\n<\/div>\n<\/ul>\n<\/div>\n<\/div>\n\n\n\n<div style=\"height:32px\" aria-hidden=\"true\" class=\"wp-block-spacer\"><\/div>\n<\/div><\/div>\n<\/div><\/div>\n\n\n\n<div style=\"height:42px\" aria-hidden=\"true\" class=\"wp-block-spacer\"><\/div>\n\n\n\n<div class=\"wp-block-uagb-container uagb-block-6756fe58 alignfull uagb-is-root-container\"><div class=\"uagb-container-inner-blocks-wrap\">\n<div class=\"wp-block-uagb-container uagb-block-c6e47fcd alignfull uagb-is-root-container\"><div class=\"uagb-container-inner-blocks-wrap\">\n<div style=\"height:19px\" aria-hidden=\"true\" class=\"wp-block-spacer\"><\/div>\n\n\n\n<p class=\"has-text-align-center has-large-font-size wp-block-paragraph\">Escocia<\/p>\n\n\n\n<div class=\"wp-block-uagb-container uagb-block-f319c5ff\">\n<div>\n<style> .column_list {column-count: 2; column-width: 20em;}\n        .loc_padding {padding-left: 1em; padding-right: 1em; padding-bottom: .1em; padding-top: .1em; margin-right: .6em; list-style-type: none;} \n<\/style>\n<ul class=\"column_list\"><div class=\"em em-view-container\" id=\"em-view-1762362824\" data-view=\"list\">\r\n\t<div class=\"em pixelbones em-list em-events-list\" id=\"em-events-list-1762362824\" data-view-id=\"1762362824\">\r\n\t\n        <li class=\"loc_padding\"> \n<p><a href=\"http:\/\/www.aberladytaichi.com\/\" target=\"_blank\" rel=\"noopener\">Aberlady<\/a><\/p>\n<p>&nbsp;<\/p>\n<\/li>\n        \n        <li class=\"loc_padding\"> \n<p><a href=\"https:\/\/taichibalance.uk\/\" target=\"_blank\" rel=\"noopener\">Edinburgh<\/a><\/p>\n<\/li>\n        \t<\/div>\r\n<\/div>\n<\/ul>\n<\/div>\n<\/div>\n\n\n\n<div style=\"height:32px\" aria-hidden=\"true\" class=\"wp-block-spacer\"><\/div>\n<\/div><\/div>\n<\/div><\/div>\n\n\n\n<div style=\"height:42px\" aria-hidden=\"true\" class=\"wp-block-spacer\"><\/div>\n\n\n\n<div class=\"wp-block-uagb-container uagb-block-befcf8e5 alignfull uagb-is-root-container\"><div class=\"uagb-container-inner-blocks-wrap\">\n<div style=\"height:19px\" aria-hidden=\"true\" class=\"wp-block-spacer\"><\/div>\n\n\n\n<p class=\"has-text-align-center has-large-font-size wp-block-paragraph\">Gales<\/p>\n\n\n\n<div class=\"wp-block-uagb-container uagb-block-4a37be88\">\n<div>\n<style> .column_list {column-count: 2; column-width: 20em;}\n        .loc_padding {padding-left: 1em; padding-right: 1em; padding-bottom: .1em; padding-top: .1em; margin-right: .6em; list-style-type: none;} \n<\/style>\n<ul class=\"column_list\"><div class=\"em em-view-container\" id=\"em-view-1827056207\" data-view=\"list\">\r\n\t<div class=\"em pixelbones em-list em-events-list\" id=\"em-events-list-1827056207\" data-view-id=\"1827056207\">\r\n\t\n        <li class=\"loc_padding\"> \n<p><a href=\"https:\/\/taichievolutions.org\/\" target=\"_blank\" rel=\"noopener\">Caerphilly<\/a><\/p>\n<p>&nbsp;<\/p>\n<\/li>\n        \n        <li class=\"loc_padding\"> \n<p><a href=\"https:\/\/taichievolutions.org\/\" target=\"_blank\" rel=\"noopener\">Cardiff<\/a><\/p>\n<p>&nbsp;<\/p>\n<\/li>\n        \n        <li class=\"loc_padding\"> \n<p><a href=\"https:\/\/taichievolutions.org\/\" target=\"_blank\" rel=\"noopener\">Chepstow<\/a><\/p>\n<p>&nbsp;<\/p>\n<\/li>\n        \n        <li class=\"loc_padding\"> \n<p><a href=\"https:\/\/taichievolutions.org\/\" target=\"_blank\" rel=\"noopener\">Newport<\/a><\/p>\n<p>&nbsp;<\/p>\n<\/li>\n        \t<\/div>\r\n<\/div>\n<\/ul>\n<\/div>\n<\/div>\n\n\n\n<div style=\"height:32px\" aria-hidden=\"true\" class=\"wp-block-spacer\"><\/div>\n<\/div><\/div>\n<\/div><\/div>\n\n<p class=\"wp-block-paragraph\"><\/p>\n","protected":false},"excerpt":{"rendered":"<p>Aunque esta p\u00e1gina web se esfuerza por mantener la informaci\u00f3n actualizada, no ofrece ninguna declaraci\u00f3n ni garant\u00eda, expresa o impl\u00edcita, [&hellip;]<\/p>\n","protected":false},"author":218733280,"featured_media":0,"parent":0,"menu_order":0,"comment_status":"closed","ping_status":"closed","template":"","meta":{"_crdt_document":"","_uag_custom_page_level_css":"","site-sidebar-layout":"default","site-content-layout":"","ast-site-content-layout":"default","site-content-style":"default","site-sidebar-style":"default","ast-global-header-display":"","ast-banner-title-visibility":"","ast-main-header-display":"","ast-hfb-above-header-display":"","ast-hfb-below-header-display":"","ast-hfb-mobile-header-display":"","site-post-title":"","ast-breadcrumbs-content":"","ast-featured-img":"","footer-sml-layout":"","ast-disable-related-posts":"","theme-transparent-header-meta":"","adv-header-id-meta":"","stick-header-meta":"","header-above-stick-meta":"","header-main-stick-meta":"","header-below-stick-meta":"","astra-migrate-meta-layouts":"default","ast-page-background-enabled":"default","ast-page-background-meta":{"desktop":{"background-color":"var(--ast-global-color-4)","background-image":"","background-repeat":"repeat","background-position":"center center","background-size":"auto","background-attachment":"scroll","background-type":"","background-media":"","overlay-type":"","overlay-color":"","overlay-opacity":"","overlay-gradient":""},"tablet":{"background-color":"","background-image":"","background-repeat":"repeat","background-position":"center center","background-size":"auto","background-attachment":"scroll","background-type":"","background-media":"","overlay-type":"","overlay-color":"","overlay-opacity":"","overlay-gradient":""},"mobile":{"background-color":"","background-image":"","background-repeat":"repeat","background-position":"center center","background-size":"auto","background-attachment":"scroll","background-type":"","background-media":"","overlay-type":"","overlay-color":"","overlay-opacity":"","overlay-gradient":""}},"ast-content-background-meta":{"desktop":{"background-color":"var(--ast-global-color-5)","background-image":"","background-repeat":"repeat","background-position":"center center","background-size":"auto","background-attachment":"scroll","background-type":"","background-media":"","overlay-type":"","overlay-color":"","overlay-opacity":"","overlay-gradient":""},"tablet":{"background-color":"var(--ast-global-color-5)","background-image":"","background-repeat":"repeat","background-position":"center center","background-size":"auto","background-attachment":"scroll","background-type":"","background-media":"","overlay-type":"","overlay-color":"","overlay-opacity":"","overlay-gradient":""},"mobile":{"background-color":"var(--ast-global-color-5)","background-image":"","background-repeat":"repeat","background-position":"center center","background-size":"auto","background-attachment":"scroll","background-type":"","background-media":"","overlay-type":"","overlay-color":"","overlay-opacity":"","overlay-gradient":""}},"advanced_seo_description":"","jetpack_seo_html_title":"","jetpack_seo_noindex":false,"footnotes":""},"class_list":["post-9703","page","type-page","status-publish","hentry"],"uagb_featured_image_src":{"full":false,"thumbnail":false,"medium":false,"medium_large":false,"large":false,"1536x1536":false,"2048x2048":false,"newspack-article-block-landscape-large":false,"newspack-article-block-portrait-large":false,"newspack-article-block-square-large":false,"newspack-article-block-landscape-medium":false,"newspack-article-block-portrait-medium":false,"newspack-article-block-square-medium":false,"newspack-article-block-landscape-intermediate":false,"newspack-article-block-portrait-intermediate":false,"newspack-article-block-square-intermediate":false,"newspack-article-block-landscape-small":false,"newspack-article-block-portrait-small":false,"newspack-article-block-square-small":false,"newspack-article-block-landscape-tiny":false,"newspack-article-block-portrait-tiny":false,"newspack-article-block-square-tiny":false,"newspack-article-block-uncropped":false},"uagb_author_info":{"display_name":"Web Admin","author_link":"https:\/\/taichimastermoy.org\/es\/author\/taichifriends\/"},"uagb_comment_info":0,"uagb_excerpt":"Aunque esta p\u00e1gina web se esfuerza por mantener la informaci\u00f3n actualizada, no ofrece ninguna declaraci\u00f3n ni garant\u00eda, expresa o impl\u00edcita, [&hellip;]","jetpack_sharing_enabled":true,"jetpack_shortlink":"https:\/\/wp.me\/PdOIW2-2wv","_links":{"self":[{"href":"https:\/\/taichimastermoy.org\/es\/wp-json\/wp\/v2\/pages\/9703","targetHints":{"allow":["GET"]}}],"collection":[{"href":"https:\/\/taichimastermoy.org\/es\/wp-json\/wp\/v2\/pages"}],"about":[{"href":"https:\/\/taichimastermoy.org\/es\/wp-json\/wp\/v2\/types\/page"}],"author":[{"embeddable":true,"href":"https:\/\/taichimastermoy.org\/es\/wp-json\/wp\/v2\/users\/218733280"}],"replies":[{"embeddable":true,"href":"https:\/\/taichimastermoy.org\/es\/wp-json\/wp\/v2\/comments?post=9703"}],"version-history":[{"count":2,"href":"https:\/\/taichimastermoy.org\/es\/wp-json\/wp\/v2\/pages\/9703\/revisions"}],"predecessor-version":[{"id":9708,"href":"https:\/\/taichimastermoy.org\/es\/wp-json\/wp\/v2\/pages\/9703\/revisions\/9708"}],"wp:attachment":[{"href":"https:\/\/taichimastermoy.org\/es\/wp-json\/wp\/v2\/media?parent=9703"}],"curies":[{"name":"wp","href":"https:\/\/api.w.org\/{rel}","templated":true}]}}